{"id":41981,"date":"2019-08-06T10:53:44","date_gmt":"2019-08-06T10:53:44","guid":{"rendered":"https:\/\/bonrooms.com\/condiciones-del-gdpr\/"},"modified":"2024-08-11T20:53:43","modified_gmt":"2024-08-11T20:53:43","slug":"condiciones-del-gdpr","status":"publish","type":"page","link":"https:\/\/bonrooms.com\/es\/condiciones-del-gdpr\/","title":{"rendered":"Condiciones del GDPR"},"content":{"rendered":"<h2 class=\"wp-block-heading\">Quienes somos<\/h2><p>Bienvenido a BonRooms.com. Este documento describe los t\u00e9rminos y condiciones del RGPD para nuestro sitio web. La direcci\u00f3n de nuestro sitio web es BonRooms.com.  <\/p><h2 class=\"wp-block-heading\">Comentarios<\/h2><p>Cuando los visitantes dejan comentarios en el sitio, recopilamos los datos que se muestran en el formulario de comentarios, as\u00ed como la direcci\u00f3n IP del visitante y la cadena del agente de usuario del navegador para ayudar con la detecci\u00f3n de spam.<\/p><p>Se puede proporcionar al servicio Gravatar una cadena anonimizada creada a partir de tu direcci\u00f3n de correo electr\u00f3nico (tambi\u00e9n llamada hash) para saber si la est\u00e1s utilizando. La pol\u00edtica de privacidad del servicio Gravatar est\u00e1 disponible <a href=\"https:\/\/automattic.com\/privacy\/\">aqu\u00ed<\/a> . Despu\u00e9s de la aprobaci\u00f3n de tu comentario, tu foto de perfil ser\u00e1 visible para el p\u00fablico en el contexto de tu comentario. <\/p><h2 class=\"wp-block-heading\">Medios de comunicaci\u00f3n<\/h2><p>Si carga im\u00e1genes al sitio web, evite cargar im\u00e1genes con datos de ubicaci\u00f3n incrustados (GPS EXIF) incluidos. Los visitantes del sitio web pueden descargar y extraer cualquier dato de localizaci\u00f3n de las im\u00e1genes del sitio web.<\/p><h2 class=\"wp-block-heading\">Cookies<\/h2><ul class=\"wp-block-list\"><li><strong>Comentarios<\/strong> : Si deja un comentario en nuestro sitio, puede optar por guardar su nombre, direcci\u00f3n de correo electr\u00f3nico y sitio web en cookies. Son para tu comodidad, para que no tengas que volver a rellenar tus datos cuando dejes otro comentario. Estas galletas durar\u00e1n un a\u00f1o.<\/li>\n\n<li><strong>Iniciar sesi\u00f3n<\/strong> : Si tiene una cuenta e inicia sesi\u00f3n en este sitio, instalaremos una cookie temporal para determinar si su navegador acepta cookies. Esta cookie no contiene datos personales y se descarta cuando cierras el navegador. Cuando te conectes, tambi\u00e9n instalaremos varias cookies para guardar tu informaci\u00f3n de acceso y tus opciones de visualizaci\u00f3n en pantalla. Las cookies de inicio de sesi\u00f3n duran dos d\u00edas, y las cookies de opciones de pantalla duran un a\u00f1o. Si seleccionas \u00abRecordarme\u00bb, tu inicio de sesi\u00f3n persistir\u00e1 durante dos semanas. Si cierras la sesi\u00f3n de tu cuenta, se eliminar\u00e1n las cookies de inicio de sesi\u00f3n.<\/li>\n\n<li><strong>Edici\u00f3n o publicaci\u00f3n de art\u00edculos<\/strong> : si edita o publica un art\u00edculo, se guardar\u00e1 una cookie adicional en su navegador. Esta cookie no incluye datos personales y simplemente indica el ID de publicaci\u00f3n del art\u00edculo que acabas de editar. Caduca al cabo de un d\u00eda.<\/li><\/ul><h2 class=\"wp-block-heading\">Contenido incrustado de otros sitios web<\/h2><p>Los art\u00edculos de este sitio pueden incluir contenido incrustado (por ejemplo, v\u00eddeos, im\u00e1genes, art\u00edculos, etc.). El contenido incrustado de otros sitios web se comporta exactamente igual que si el visitante hubiera visitado el otro sitio web.<\/p><p>Estos sitios web pueden recopilar datos sobre ti, utilizar cookies, incrustar seguimiento adicional de terceros y controlar tu interacci\u00f3n con ese contenido incrustado, incluido el seguimiento de tu interacci\u00f3n con el contenido incrustado si tienes una cuenta y has iniciado sesi\u00f3n en ese sitio web.<\/p><h2 class=\"wp-block-heading\">Durante cu\u00e1nto tiempo conservamos sus datos<\/h2><p>Si dejas un comentario, el comentario y sus metadatos se conservan indefinidamente. Esto es para que podamos reconocer y aprobar autom\u00e1ticamente los comentarios de seguimiento en lugar de retenerlos en una cola de moderaci\u00f3n.<\/p><p>Para los usuarios que se registran en nuestro sitio web (si los hay), tambi\u00e9n almacenamos la informaci\u00f3n personal que proporcionan en su perfil de usuario. Todos los usuarios pueden ver, editar o borrar su informaci\u00f3n personal en cualquier momento (excepto que no pueden cambiar su nombre de usuario). Los administradores del sitio web tambi\u00e9n pueden ver y editar esa informaci\u00f3n.<\/p><h2 class=\"wp-block-heading\">Qu\u00e9 derechos tienes sobre tus datos<\/h2><p>Si tiene una cuenta en este sitio o ha dejado comentarios, puede solicitar recibir un archivo exportado de los datos personales que tenemos sobre usted, incluido cualquier dato que nos haya proporcionado. Tambi\u00e9n puedes solicitar que borremos cualquier dato personal que tengamos sobre ti. Esto no incluye ning\u00fan dato que estemos obligados a conservar por motivos administrativos, legales o de seguridad.<\/p><hr class=\"wp-block-separator has-alpha-channel-opacity\"\/><p>Al utilizar BonRooms.com, usted reconoce haber le\u00eddo, comprendido y aceptado estos t\u00e9rminos y condiciones del RGPD. Si tiene alguna pregunta, p\u00f3ngase en contacto con nosotros en support@bonrooms.com. <\/p>","protected":false},"excerpt":{"rendered":"<p>Quienes somos Bienvenido a BonRooms.com. Este documento describe los t\u00e9rminos y condiciones del RGPD para nuestro sitio web. La direcci\u00f3n de nuestro sitio web es BonRooms.com. Comentarios Cuando los visitantes dejan comentarios en el sitio, recopilamos los datos que se muestran en el formulario de comentarios, as\u00ed como la direcci\u00f3n IP del visitante y la &#8230;<\/p>\n","protected":false},"author":1,"featured_media":0,"parent":0,"menu_order":0,"comment_status":"closed","ping_status":"closed","template":"gdpr_terms.php","meta":{"_acf_changed":false,"inline_featured_image":false,"footnotes":""},"class_list":["post-41981","page","type-page","status-publish","hentry"],"acf":[],"_links":{"self":[{"href":"https:\/\/bonrooms.com\/es\/wp-json\/wp\/v2\/pages\/41981","targetHints":{"allow":["GET"]}}],"collection":[{"href":"https:\/\/bonrooms.com\/es\/wp-json\/wp\/v2\/pages"}],"about":[{"href":"https:\/\/bonrooms.com\/es\/wp-json\/wp\/v2\/types\/page"}],"author":[{"embeddable":true,"href":"https:\/\/bonrooms.com\/es\/wp-json\/wp\/v2\/users\/1"}],"replies":[{"embeddable":true,"href":"https:\/\/bonrooms.com\/es\/wp-json\/wp\/v2\/comments?post=41981"}],"version-history":[{"count":3,"href":"https:\/\/bonrooms.com\/es\/wp-json\/wp\/v2\/pages\/41981\/revisions"}],"predecessor-version":[{"id":43637,"href":"https:\/\/bonrooms.com\/es\/wp-json\/wp\/v2\/pages\/41981\/revisions\/43637"}],"wp:attachment":[{"href":"https:\/\/bonrooms.com\/es\/wp-json\/wp\/v2\/media?parent=41981"}],"curies":[{"name":"wp","href":"https:\/\/api.w.org\/{rel}","templated":true}]}}